{"id":112,"date":"2020-01-07T15:46:39","date_gmt":"2020-01-07T14:46:39","guid":{"rendered":"https:\/\/www.rezanibetonuzlin.cz\/?page_id=112"},"modified":"2026-01-09T11:38:39","modified_gmt":"2026-01-09T10:38:39","slug":"vrtani-zelezobetonu-a-cihel","status":"publish","type":"page","link":"https:\/\/www.rezanibetonuzlin.cz\/?page_id=112","title":{"rendered":"P\u016fj\u010dovna n\u00e1\u0159ad\u00ed"},"content":{"rendered":"\n<div class=\"wp-block-columns is-layout-flex wp-container-core-columns-is-layout-9d6595d7 wp-block-columns-is-layout-flex\">\n<div class=\"wp-block-column is-layout-flow wp-block-column-is-layout-flow\" style=\"flex-basis:100%\"><\/div>\n<\/div>\n\n\n\n<figure class=\"wp-block-table\"><table><tbody><tr><td><strong>Cen\u00edk p\u016fj\u010dovna<\/strong><\/td><td><\/td><td><\/td><td>cena za 1 den (K\u010d)<br>bez DPH<\/td><td><br>s DPH<\/td><\/tr><tr><td>Elektrick\u00fd kladkostroj LIFTKET<\/td><td>Nosnost 2000 kg<\/td><td>Zdvih 22 m<\/td><td>1010<\/td><td>1222,10<\/td><\/tr><\/tbody><\/table><\/figure>\n\n\n\n<div data-wp-interactive=\"core\/file\" class=\"wp-block-file\"><object data-wp-bind--hidden=\"!state.hasPdfPreview\" hidden class=\"wp-block-file__embed\" data=\"https:\/\/www.rezanibetonuzlin.cz\/wp-content\/uploads\/2026\/01\/Cenik_2026.pdf\" type=\"application\/pdf\" style=\"width:100%;height:600px\" aria-label=\"Vlo\u017eit z Cen\u00edk_2026.\"><\/object><a id=\"wp-block-file--media-bf737fc6-c307-46e0-91b1-974226373c88\" href=\"https:\/\/www.rezanibetonuzlin.cz\/wp-content\/uploads\/2026\/01\/Cenik_2026.pdf\">Cen\u00edk_2026<\/a><a href=\"https:\/\/www.rezanibetonuzlin.cz\/wp-content\/uploads\/2026\/01\/Cenik_2026.pdf\" class=\"wp-block-file__button wp-element-button\" download aria-describedby=\"wp-block-file--media-bf737fc6-c307-46e0-91b1-974226373c88\">St\u00e1hnout<\/a><\/div>\n\n\n\n<p><\/p>\n","protected":false},"excerpt":{"rendered":"<p>Cen\u00edk p\u016fj\u010dovna cena za 1 den (K\u010d)bez DPH s DPH Elektrick\u00fd kladkostroj LIFTKET Nosnost 2000 kg Zdvih 22 m 1010 1222,10<\/p>\n","protected":false},"author":2,"featured_media":0,"parent":45,"menu_order":1,"comment_status":"closed","ping_status":"closed","template":"","meta":{"footnotes":""},"class_list":["post-112","page","type-page","status-publish"],"_links":{"self":[{"href":"https:\/\/www.rezanibetonuzlin.cz\/index.php?rest_route=\/wp\/v2\/pages\/112","targetHints":{"allow":["GET"]}}],"collection":[{"href":"https:\/\/www.rezanibetonuzlin.cz\/index.php?rest_route=\/wp\/v2\/pages"}],"about":[{"href":"https:\/\/www.rezanibetonuzlin.cz\/index.php?rest_route=\/wp\/v2\/types\/page"}],"author":[{"embeddable":true,"href":"https:\/\/www.rezanibetonuzlin.cz\/index.php?rest_route=\/wp\/v2\/users\/2"}],"replies":[{"embeddable":true,"href":"https:\/\/www.rezanibetonuzlin.cz\/index.php?rest_route=%2Fwp%2Fv2%2Fcomments&post=112"}],"version-history":[{"count":25,"href":"https:\/\/www.rezanibetonuzlin.cz\/index.php?rest_route=\/wp\/v2\/pages\/112\/revisions"}],"predecessor-version":[{"id":7156,"href":"https:\/\/www.rezanibetonuzlin.cz\/index.php?rest_route=\/wp\/v2\/pages\/112\/revisions\/7156"}],"up":[{"embeddable":true,"href":"https:\/\/www.rezanibetonuzlin.cz\/index.php?rest_route=\/wp\/v2\/pages\/45"}],"wp:attachment":[{"href":"https:\/\/www.rezanibetonuzlin.cz\/index.php?rest_route=%2Fwp%2Fv2%2Fmedia&parent=112"}],"curies":[{"name":"wp","href":"https:\/\/api.w.org\/{rel}","templated":true}]}}