{"id":32,"date":"2019-08-29T11:53:58","date_gmt":"2019-08-29T09:53:58","guid":{"rendered":"https:\/\/www.rezanibetonuzlin.cz\/?page_id=32"},"modified":"2026-01-09T11:42:03","modified_gmt":"2026-01-09T10:42:03","slug":"sanace-vlhkeho-zdiva","status":"publish","type":"page","link":"https:\/\/www.rezanibetonuzlin.cz\/?page_id=32","title":{"rendered":"Sanace vlhk\u00e9ho zdiva"},"content":{"rendered":"<div class=\"wp-block-image\">\n<figure class=\"aligncenter is-resized\"><img loading=\"lazy\" decoding=\"async\" width=\"626\" height=\"417\" src=\"https:\/\/www.rezanibetonuzlin.cz\/wp-content\/uploads\/2019\/08\/red-brick-wall-pattern-texture_53876-23210.jpg\" alt=\"\" class=\"wp-image-36\" style=\"width:546px;height:364px\" srcset=\"https:\/\/www.rezanibetonuzlin.cz\/wp-content\/uploads\/2019\/08\/red-brick-wall-pattern-texture_53876-23210.jpg 626w, https:\/\/www.rezanibetonuzlin.cz\/wp-content\/uploads\/2019\/08\/red-brick-wall-pattern-texture_53876-23210-300x200.jpg 300w\" sizes=\"auto, (max-width: 626px) 100vw, 626px\" \/><\/figure>\n<\/div>\n\n\n<h3 class=\"wp-block-heading\"><strong>POD\u0158EZ\u00c1N\u00cd ZDIVA \u0158ET\u011aZOVOU PILOU<\/strong><\/h3>\n\n\n<p>Pod\u0159ez vlhk\u00e9ho zdiva \u0159et\u011bzovou pilou s vlo\u017een\u00edm PE hydroizola\u010dn\u00ed desky, se zakl\u00ednov\u00e1n\u00edm kl\u00edny o r\u016fzn\u00e9 tlou\u0161\u0165ce dle \u0161\u00ed\u0159e \u0159ezu a n\u00e1slednou injekt\u00e1\u017e\u00ed dr\u00e1zky maltovou sm\u011bs\u00ed.<\/p>\n\n\n<figure class=\"wp-block-image\"><img loading=\"lazy\" decoding=\"async\" width=\"1024\" height=\"768\" src=\"https:\/\/www.rezanibetonuzlin.cz\/wp-content\/uploads\/2019\/08\/119-1024x768.jpg\" alt=\"\" class=\"wp-image-81\" srcset=\"https:\/\/www.rezanibetonuzlin.cz\/wp-content\/uploads\/2019\/08\/119.jpg 1024w, https:\/\/www.rezanibetonuzlin.cz\/wp-content\/uploads\/2019\/08\/119-300x225.jpg 300w, https:\/\/www.rezanibetonuzlin.cz\/wp-content\/uploads\/2019\/08\/119-768x576.jpg 768w\" sizes=\"auto, (max-width: 1024px) 100vw, 1024px\" \/><\/figure>\n\n\n\n<h3 class=\"wp-block-heading\"> <strong>POD\u0158EZ\u00c1N\u00cd ZDIVA LANOVOU PILOU<\/strong> <\/h3>\n\n\n<p>Pokud se jedn\u00e1 o pod\u0159ez staveb z kamene, betonu, sm\u00ed\u0161en\u00e9m zdivu nebo jin\u00fdch tvrd\u00fdch materi\u00e1l\u016f nebo staveb, kde nen\u00ed rovn\u00e1 sp\u00e1ra mezi vrstvami doporu\u010dujeme pou\u017e\u00edt lanovou pilu. Jedn\u00e1 se o \u0159ez pilou se speci\u00e1ln\u00edm lanem osazen\u00fdm diamantov\u00fdmi segmenty. Lano je vedeno ukotven\u00fdmi kladkami a umo\u017e\u0148uje \u0159ezy \u017eelezobetonem, kamenem, ale tak\u00e9 v h\u016f\u0159e p\u0159\u00edstupn\u00fdch m\u00edstech. <span class=\"wnd-font-size-80\">Sanace pokra\u010duje s vlo\u017een\u00edm PE hydroizola\u010dn\u00ed desky, se zakl\u00ednov\u00e1n\u00edm plastov\u00fdmi kl\u00edny o r\u016fzn\u00e9 tlou\u0161\u0165ce dle \u0161\u00ed\u0159e \u0159ezu a n\u00e1slednou injekt\u00e1\u017e\u00ed dr\u00e1\u017eky maltovou sm\u011bs\u00ed.\u00a0<\/span><\/p>\n\n\n<figure class=\"wp-block-image\"><img loading=\"lazy\" decoding=\"async\" width=\"800\" height=\"600\" src=\"https:\/\/www.rezanibetonuzlin.cz\/wp-content\/uploads\/2019\/08\/goelz_ks600_odsavaci_kryt-1.jpg\" alt=\"\" class=\"wp-image-93\" srcset=\"https:\/\/www.rezanibetonuzlin.cz\/wp-content\/uploads\/2019\/08\/goelz_ks600_odsavaci_kryt-1.jpg 800w, https:\/\/www.rezanibetonuzlin.cz\/wp-content\/uploads\/2019\/08\/goelz_ks600_odsavaci_kryt-1-300x225.jpg 300w, https:\/\/www.rezanibetonuzlin.cz\/wp-content\/uploads\/2019\/08\/goelz_ks600_odsavaci_kryt-1-768x576.jpg 768w\" sizes=\"auto, (max-width: 800px) 100vw, 800px\" \/><\/figure>\n\n\n\n<h3 class=\"wp-block-heading\"><strong>CHEMICK\u00c1 INJEKT\u00c1\u017d ZDIVA<\/strong><\/h3>\n\n\n<p><span class=\"wnd-font-size-80\">Izolaci vlhk\u00e9ho zdiva prov\u00e1d\u00edme pomoc\u00ed vrt\u016f a n\u00e1slednou tlakovou aplikac\u00ed speci\u00e1ln\u00edho injekt\u00e1\u017en\u00edho kr\u00e9mu vybran\u00e9ho dle charakteru zdiva, druhu vlhkosti a ostatn\u00edch podm\u00ednek.<\/span><\/p>\n\n<div class=\"wp-block-image\">\n<figure class=\"aligncenter is-resized\"><img loading=\"lazy\" decoding=\"async\" width=\"300\" height=\"168\" src=\"https:\/\/www.rezanibetonuzlin.cz\/wp-content\/uploads\/2019\/08\/images.jpg\" alt=\"\" class=\"wp-image-98\" style=\"width:392px;height:220px\"\/><\/figure>\n<\/div>\n\n\n<figure class=\"wp-block-table\"><table><tbody><tr><td><strong>Cen\u00edk sanace vlhk\u00e9ho zdiva<\/strong>               <\/td><td><strong>Cena bez DPH<\/strong>                                                 <\/td><\/tr><tr><td>Obhl\u00eddka stavby<\/td><td>       bezplatn\u00e1<\/td><\/tr><tr><td>P\u0159\u00edprava staveni\u0161t\u011b<\/td><td>1 854 K\u010d<\/td><\/tr><tr><td>Sanace vlhk\u00e9ho zdiva<\/td><td>od 1 957 K\u010d \/ bm<\/td><\/tr><tr><td>Tlakov\u00e1 injekt\u00e1\u017e polyuretanovou prysky\u0159ic\u00ed       <\/td><td>5 140 K\u010d \/ m\u00b2 <\/td><\/tr><\/tbody><\/table><\/figure>\n","protected":false},"excerpt":{"rendered":"<p>POD\u0158EZ\u00c1N\u00cd ZDIVA \u0158ET\u011aZOVOU PILOU Pod\u0159ez vlhk\u00e9ho zdiva \u0159et\u011bzovou pilou s vlo\u017een\u00edm PE hydroizola\u010dn\u00ed desky, se zakl\u00ednov\u00e1n\u00edm kl\u00edny o r\u016fzn\u00e9 tlou\u0161\u0165ce dle \u0161\u00ed\u0159e \u0159ezu a n\u00e1slednou injekt\u00e1\u017e\u00ed dr\u00e1zky maltovou sm\u011bs\u00ed. POD\u0158EZ\u00c1N\u00cd ZDIVA LANOVOU PILOU Pokud se jedn\u00e1 o pod\u0159ez staveb z kamene, betonu, sm\u00ed\u0161en\u00e9m zdivu nebo jin\u00fdch tvrd\u00fdch materi\u00e1l\u016f nebo staveb, kde nen\u00ed rovn\u00e1 sp\u00e1ra mezi &#8230; <a title=\"Sanace vlhk\u00e9ho zdiva\" class=\"read-more\" href=\"https:\/\/www.rezanibetonuzlin.cz\/?page_id=32\" aria-label=\"More on Sanace vlhk\u00e9ho zdiva\">Read more<\/a><\/p>\n","protected":false},"author":2,"featured_media":0,"parent":0,"menu_order":0,"comment_status":"closed","ping_status":"closed","template":"","meta":{"footnotes":""},"class_list":["post-32","page","type-page","status-publish"],"_links":{"self":[{"href":"https:\/\/www.rezanibetonuzlin.cz\/index.php?rest_route=\/wp\/v2\/pages\/32","targetHints":{"allow":["GET"]}}],"collection":[{"href":"https:\/\/www.rezanibetonuzlin.cz\/index.php?rest_route=\/wp\/v2\/pages"}],"about":[{"href":"https:\/\/www.rezanibetonuzlin.cz\/index.php?rest_route=\/wp\/v2\/types\/page"}],"author":[{"embeddable":true,"href":"https:\/\/www.rezanibetonuzlin.cz\/index.php?rest_route=\/wp\/v2\/users\/2"}],"replies":[{"embeddable":true,"href":"https:\/\/www.rezanibetonuzlin.cz\/index.php?rest_route=%2Fwp%2Fv2%2Fcomments&post=32"}],"version-history":[{"count":11,"href":"https:\/\/www.rezanibetonuzlin.cz\/index.php?rest_route=\/wp\/v2\/pages\/32\/revisions"}],"predecessor-version":[{"id":7159,"href":"https:\/\/www.rezanibetonuzlin.cz\/index.php?rest_route=\/wp\/v2\/pages\/32\/revisions\/7159"}],"wp:attachment":[{"href":"https:\/\/www.rezanibetonuzlin.cz\/index.php?rest_route=%2Fwp%2Fv2%2Fmedia&parent=32"}],"curies":[{"name":"wp","href":"https:\/\/api.w.org\/{rel}","templated":true}]}}